




{"id":508,"date":"2017-06-01T09:26:32","date_gmt":"2017-06-01T09:26:32","guid":{"rendered":"http:\/\/cba.wbafg.de\/cba-wp\/philosophie\/"},"modified":"2017-12-19T13:46:36","modified_gmt":"2017-12-19T13:46:36","slug":"philosophie","status":"publish","type":"page","link":"https:\/\/cba.lu\/fr\/philosophie\/","title":{"rendered":"Philosophie"},"content":{"rendered":"<article class=\"node-48 node node-zweispalter view-mode-full clearfix\" about=\"\/fr\/bureau\/philosophie\" typeof=\"sioc:Item foaf:Document\"><div class=\"field field-name-field-zweisp-linke-spalte field-type-text-long field-label-hidden\"><div class=\"field-items\"><div class=\"field-item even\"><p>Nous poursuivons des objectifs ambitieux, sous des aspects apparemment contradictoires, mais qui, \u00e0 la fin, d\u00e9finissent l\u2019unicit\u00e9 de chaque projet.<\/p><p>Notre architecture se veut \u00e0 la fois \u00e9motionnelle et raisonnable. Elle est \u00e0 la fois g\u00e9n\u00e9reuse et \u00e9conomique comme elle est conceptuelle et pragmatique.<\/p><p>Elle est plut\u00f4t contextualiste qu\u2019en opposition \u00e0 son environnement. Elle est innovante sans nier des aspects traditionnalistes.<\/p><\/div><\/div><\/div><div class=\"field field-name-field-zweisp-rechte-spalte field-type-text-long field-label-hidden\"><div class=\"field-items\"><div class=\"field-item even\"><p>Elle \u00e9tait depuis toujours et l\u2019est d\u2019autant plus, sensible aux aspects \u00e9nerg\u00e9tiques et environnementaux tout en privil\u00e9giant les m\u00e9thodes bioclimatiques par rapport aux sophistications techniques.<\/p><p>La mise en \u0153uvre d\u2019une telle d\u00e9marche pr\u00e9conise l\u2019esprit d\u2019\u00e9quipe, l\u2019analyse et le d\u00e9bat contradictoire, le dynamisme et l\u2019exp\u00e9rience de ses membres, une taille de bureau suffisamment compacte pour rester l\u00e9ger en gestion interne.    \u00a0<\/p><p>Finalement, nous sommes convaincus que notre d\u00e9marche aboutit \u00e0 une plus-value tant pour l\u2019utilisateur de notre architecture que pour la communaut\u00e9 dans laquelle elle s\u2019inscrit car tout b\u00e2timent priv\u00e9 ou public est toujours aussi un b\u00e2timent public.<\/p><\/div><\/div><\/div><\/article>","protected":false},"excerpt":{"rendered":"Nous poursuivons des objectifs ambitieux, sous des aspects apparemment contradictoires, mais qui, \u00e0 la fin, d\u00e9finissent l\u2019unicit\u00e9 de chaque projet.Notre architecture se veut \u00e0 la fois \u00e9motionnelle et raisonnable. Elle est \u00e0 la fois g\u00e9n\u00e9reuse et \u00e9conomique comme elle est conceptuelle et pragmatique.Elle est plut\u00f4t contextualiste qu\u2019en opposition \u00e0 son environnement. Elle est innovante sans&#8230; <a class=\"view-article\" href=\"https:\/\/cba.lu\/fr\/philosophie\/\">Voir l&rsquo;article<\/a>","protected":false},"author":1,"featured_media":0,"parent":0,"menu_order":0,"comment_status":"closed","ping_status":"closed","template":"","meta":{"_acf_changed":false,"inline_featured_image":false,"footnotes":""},"class_list":["post-508","page","type-page","status-publish","hentry"],"acf":[],"yoast_head":"<!-- This site is optimized with the Yoast SEO plugin v27.3 - https:\/\/yoast.com\/product\/yoast-seo-wordpress\/ -->\n<title>Philosophie | CBA Architects s.a.<\/title>\n<meta name=\"robots\" content=\"index, follow, max-snippet:-1, max-image-preview:large, max-video-preview:-1\" \/>\n<link rel=\"canonical\" href=\"https:\/\/cba.lu\/fr\/philosophie\/\" \/>\n<meta property=\"og:locale\" content=\"fr_FR\" \/>\n<meta property=\"og:type\" content=\"article\" \/>\n<meta property=\"og:title\" content=\"Philosophie | CBA Architects s.a.\" \/>\n<meta property=\"og:description\" content=\"Nous poursuivons des objectifs ambitieux, sous des aspects apparemment contradictoires, mais qui, \u00e0 la fin, d\u00e9finissent l\u2019unicit\u00e9 de chaque projet.Notre architecture se veut \u00e0 la fois \u00e9motionnelle et raisonnable. Elle est \u00e0 la fois g\u00e9n\u00e9reuse et \u00e9conomique comme elle est conceptuelle et pragmatique.Elle est plut\u00f4t contextualiste qu\u2019en opposition \u00e0 son environnement. Elle est innovante sans... Voir l&#039;article\" \/>\n<meta property=\"og:url\" content=\"https:\/\/cba.lu\/fr\/philosophie\/\" \/>\n<meta property=\"og:site_name\" content=\"CBA Architects s.a.\" \/>\n<meta property=\"article:publisher\" content=\"https:\/\/www.facebook.com\/christianbauerassocies\/\" \/>\n<meta property=\"article:modified_time\" content=\"2017-12-19T13:46:36+00:00\" \/>\n<meta name=\"twitter:card\" content=\"summary_large_image\" \/>\n<meta name=\"twitter:label1\" content=\"Dur\u00e9e de lecture estim\u00e9e\" \/>\n\t<meta name=\"twitter:data1\" content=\"1 minute\" \/>\n<script type=\"application\/ld+json\" class=\"yoast-schema-graph\">{\"@context\":\"https:\\\/\\\/schema.org\",\"@graph\":[{\"@type\":\"WebPage\",\"@id\":\"https:\\\/\\\/cba.lu\\\/fr\\\/philosophie\\\/\",\"url\":\"https:\\\/\\\/cba.lu\\\/fr\\\/philosophie\\\/\",\"name\":\"Philosophie | CBA Architects s.a.\",\"isPartOf\":{\"@id\":\"https:\\\/\\\/cba.lu\\\/#website\"},\"datePublished\":\"2017-06-01T09:26:32+00:00\",\"dateModified\":\"2017-12-19T13:46:36+00:00\",\"breadcrumb\":{\"@id\":\"https:\\\/\\\/cba.lu\\\/fr\\\/philosophie\\\/#breadcrumb\"},\"inLanguage\":\"fr-FR\",\"potentialAction\":[{\"@type\":\"ReadAction\",\"target\":[\"https:\\\/\\\/cba.lu\\\/fr\\\/philosophie\\\/\"]}]},{\"@type\":\"BreadcrumbList\",\"@id\":\"https:\\\/\\\/cba.lu\\\/fr\\\/philosophie\\\/#breadcrumb\",\"itemListElement\":[{\"@type\":\"ListItem\",\"position\":1,\"name\":\"Startseite\",\"item\":\"https:\\\/\\\/cba.lu\\\/fr\\\/\"},{\"@type\":\"ListItem\",\"position\":2,\"name\":\"Philosophie\"}]},{\"@type\":\"WebSite\",\"@id\":\"https:\\\/\\\/cba.lu\\\/#website\",\"url\":\"https:\\\/\\\/cba.lu\\\/\",\"name\":\"CBA Architects s.a.\",\"description\":\"CBA Architects s.a.\",\"potentialAction\":[{\"@type\":\"SearchAction\",\"target\":{\"@type\":\"EntryPoint\",\"urlTemplate\":\"https:\\\/\\\/cba.lu\\\/?s={search_term_string}\"},\"query-input\":{\"@type\":\"PropertyValueSpecification\",\"valueRequired\":true,\"valueName\":\"search_term_string\"}}],\"inLanguage\":\"fr-FR\"}]}<\/script>\n<!-- \/ Yoast SEO plugin. -->","yoast_head_json":{"title":"Philosophie | CBA Architects s.a.","robots":{"index":"index","follow":"follow","max-snippet":"max-snippet:-1","max-image-preview":"max-image-preview:large","max-video-preview":"max-video-preview:-1"},"canonical":"https:\/\/cba.lu\/fr\/philosophie\/","og_locale":"fr_FR","og_type":"article","og_title":"Philosophie | CBA Architects s.a.","og_description":"Nous poursuivons des objectifs ambitieux, sous des aspects apparemment contradictoires, mais qui, \u00e0 la fin, d\u00e9finissent l\u2019unicit\u00e9 de chaque projet.Notre architecture se veut \u00e0 la fois \u00e9motionnelle et raisonnable. Elle est \u00e0 la fois g\u00e9n\u00e9reuse et \u00e9conomique comme elle est conceptuelle et pragmatique.Elle est plut\u00f4t contextualiste qu\u2019en opposition \u00e0 son environnement. Elle est innovante sans... Voir l'article","og_url":"https:\/\/cba.lu\/fr\/philosophie\/","og_site_name":"CBA Architects s.a.","article_publisher":"https:\/\/www.facebook.com\/christianbauerassocies\/","article_modified_time":"2017-12-19T13:46:36+00:00","twitter_card":"summary_large_image","twitter_misc":{"Dur\u00e9e de lecture estim\u00e9e":"1 minute"},"schema":{"@context":"https:\/\/schema.org","@graph":[{"@type":"WebPage","@id":"https:\/\/cba.lu\/fr\/philosophie\/","url":"https:\/\/cba.lu\/fr\/philosophie\/","name":"Philosophie | CBA Architects s.a.","isPartOf":{"@id":"https:\/\/cba.lu\/#website"},"datePublished":"2017-06-01T09:26:32+00:00","dateModified":"2017-12-19T13:46:36+00:00","breadcrumb":{"@id":"https:\/\/cba.lu\/fr\/philosophie\/#breadcrumb"},"inLanguage":"fr-FR","potentialAction":[{"@type":"ReadAction","target":["https:\/\/cba.lu\/fr\/philosophie\/"]}]},{"@type":"BreadcrumbList","@id":"https:\/\/cba.lu\/fr\/philosophie\/#breadcrumb","itemListElement":[{"@type":"ListItem","position":1,"name":"Startseite","item":"https:\/\/cba.lu\/fr\/"},{"@type":"ListItem","position":2,"name":"Philosophie"}]},{"@type":"WebSite","@id":"https:\/\/cba.lu\/#website","url":"https:\/\/cba.lu\/","name":"CBA Architects s.a.","description":"CBA Architects s.a.","potentialAction":[{"@type":"SearchAction","target":{"@type":"EntryPoint","urlTemplate":"https:\/\/cba.lu\/?s={search_term_string}"},"query-input":{"@type":"PropertyValueSpecification","valueRequired":true,"valueName":"search_term_string"}}],"inLanguage":"fr-FR"}]}},"_links":{"self":[{"href":"https:\/\/cba.lu\/fr\/wp-json\/wp\/v2\/pages\/508","targetHints":{"allow":["GET"]}}],"collection":[{"href":"https:\/\/cba.lu\/fr\/wp-json\/wp\/v2\/pages"}],"about":[{"href":"https:\/\/cba.lu\/fr\/wp-json\/wp\/v2\/types\/page"}],"author":[{"embeddable":true,"href":"https:\/\/cba.lu\/fr\/wp-json\/wp\/v2\/users\/1"}],"replies":[{"embeddable":true,"href":"https:\/\/cba.lu\/fr\/wp-json\/wp\/v2\/comments?post=508"}],"version-history":[{"count":8,"href":"https:\/\/cba.lu\/fr\/wp-json\/wp\/v2\/pages\/508\/revisions"}],"predecessor-version":[{"id":4431,"href":"https:\/\/cba.lu\/fr\/wp-json\/wp\/v2\/pages\/508\/revisions\/4431"}],"wp:attachment":[{"href":"https:\/\/cba.lu\/fr\/wp-json\/wp\/v2\/media?parent=508"}],"curies":[{"name":"wp","href":"https:\/\/api.w.org\/{rel}","templated":true}]}}