




{"id":437,"date":"2017-06-02T08:02:05","date_gmt":"2017-06-02T08:02:05","guid":{"rendered":"http:\/\/cba.wbafg.de\/cba-wp\/?page_id=437\/"},"modified":"2025-01-29T09:56:02","modified_gmt":"2025-01-29T09:56:02","slug":"contact","status":"publish","type":"page","link":"https:\/\/cba.lu\/fr\/contact\/","title":{"rendered":"Contact"},"content":{"rendered":"<p>CBA Architects s.a.<br \/>\r\n<\/p>\r\n<address>\r\n    107, rue de Hollerich <br \/>\r\n    1741 Luxembourg\r\n<\/address>\r\n<a href=\"https:\/\/www.google.fr\/maps\/dir\/\/Christian+Bauer+Associ\u00e9s,+107+Rue+de+Hollerich,+1741+Luxembourg\/\" target=\"_blank\" class=\"route-planner-link\" rel=\"noopener\">\r\n    <div>\r\n        <span>ITINERAIRE<\/span>\r\n    <\/div>\r\n<\/a>\r\n<p>\r\n    <span class=\"contact-label\">T\u00e9l <\/span>+352.33 03 671 <br \/>\r\n    <span class=\"contact-label\">Fax <\/span>+352.33 26 23\r\n<\/p>\r\n<p>\r\n    <span class=\"contact-label\">Mail <\/span><a href=\"mailto:cba@cba.lu\">cba@cba.lu<\/a>\r\n<\/p>\r\n\r\n<h3>\r\n    Portfolios\r\n<\/h3>\r\n<p>\r\n    <a class=\"single-link\" href=\"https:\/\/www.competitionline.com\/de\/bueros\/10275\" target=\"_blank\" title=\"CBA sur competitionline\" rel=\"noopener noreferrer\">Competitionline<\/a><br \/>\r\n    <a class=\"single-link\" href=\"https:\/\/www.oai.lu\/fr\/9\/topmenu\/annuaire-membres\/0-member-3067\/\" target=\"_blank\" title=\"CBA sur Ordre des Architectes et des Ing\u00e9nieurs-Conseils\" rel=\"noopener noreferrer\">Ordre des Architectes et des Ing\u00e9nieurs-Conseils<\/a><br \/>\r\n    <a class=\"single-link\" href=\"https:\/\/www.baunetz-architekten.de\/cba-architects\/4677735\" target=\"_blank\" title=\"CBA sur BauNetz\" rel=\"noopener noreferrer\">BauNetz<\/a> <br \/>\r\n    <a class=\"single-link\" href=\"https:\/\/www.world-architects.com\/en\/cba-architects-luxembourg\" target=\"_blank\" title=\"CBA sur World Architects\" rel=\"noopener noreferrer\">World Architects<\/a>\r\n<\/p>\r\n\r\n<h3>\r\n    R\u00e9seaux sociaux\r\n<\/h3>\r\n<p>\r\n    <a class=\"single-link\" href=\"https:\/\/www.facebook.com\/cbaarchitectsluxemburg\/\" target=\"_blank\" title=\"CBA sur Facebook\" rel=\"noopener\">Facebook<\/a> <br \/>\r\n    <a class=\"single-link\" href=\"https:\/\/de.pinterest.com\/cbaarchitectsluxembourg\/\" target=\"_blank\" title=\"CBA sur Pinterest\" rel=\"noopener\">Pinterest<\/a>\r\n<\/p>","protected":false},"excerpt":{"rendered":"CBA Architects s.a. 107, rue de Hollerich 1741 Luxembourg ITINERAIRE T\u00e9l +352.33 03 671 Fax +352.33 26 23 Mail cba@cba.lu Portfolios Competitionline Ordre des Architectes et des Ing\u00e9nieurs-Conseils BauNetz World Architects R\u00e9seaux sociaux Facebook Pinterest","protected":false},"author":1,"featured_media":0,"parent":0,"menu_order":0,"comment_status":"closed","ping_status":"closed","template":"templates\/contact.php","meta":{"_acf_changed":false,"inline_featured_image":false,"footnotes":""},"class_list":["post-437","page","type-page","status-publish","hentry"],"acf":[],"yoast_head":"<!-- This site is optimized with the Yoast SEO plugin v27.3 - https:\/\/yoast.com\/product\/yoast-seo-wordpress\/ -->\n<title>Contact | CBA Architects s.a.<\/title>\n<meta name=\"robots\" content=\"index, follow, max-snippet:-1, max-image-preview:large, max-video-preview:-1\" \/>\n<link rel=\"canonical\" href=\"https:\/\/cba.lu\/fr\/contact\/\" \/>\n<meta property=\"og:locale\" content=\"fr_FR\" \/>\n<meta property=\"og:type\" content=\"article\" \/>\n<meta property=\"og:title\" content=\"Contact | CBA Architects s.a.\" \/>\n<meta property=\"og:description\" content=\"CBA Architects s.a. 107, rue de Hollerich 1741 Luxembourg ITINERAIRE T\u00e9l +352.33 03 671 Fax +352.33 26 23 Mail cba@cba.lu Portfolios Competitionline Ordre des Architectes et des Ing\u00e9nieurs-Conseils BauNetz World Architects R\u00e9seaux sociaux Facebook Pinterest\" \/>\n<meta property=\"og:url\" content=\"https:\/\/cba.lu\/fr\/contact\/\" \/>\n<meta property=\"og:site_name\" content=\"CBA Architects s.a.\" \/>\n<meta property=\"article:publisher\" content=\"https:\/\/www.facebook.com\/christianbauerassocies\/\" \/>\n<meta property=\"article:modified_time\" content=\"2025-01-29T09:56:02+00:00\" \/>\n<meta name=\"twitter:card\" content=\"summary_large_image\" \/>\n<meta name=\"twitter:label1\" content=\"Dur\u00e9e de lecture estim\u00e9e\" \/>\n\t<meta name=\"twitter:data1\" content=\"1 minute\" \/>\n<script type=\"application\/ld+json\" class=\"yoast-schema-graph\">{\"@context\":\"https:\\\/\\\/schema.org\",\"@graph\":[{\"@type\":\"WebPage\",\"@id\":\"https:\\\/\\\/cba.lu\\\/fr\\\/contact\\\/\",\"url\":\"https:\\\/\\\/cba.lu\\\/fr\\\/contact\\\/\",\"name\":\"Contact | CBA Architects s.a.\",\"isPartOf\":{\"@id\":\"https:\\\/\\\/cba.lu\\\/#website\"},\"datePublished\":\"2017-06-02T08:02:05+00:00\",\"dateModified\":\"2025-01-29T09:56:02+00:00\",\"breadcrumb\":{\"@id\":\"https:\\\/\\\/cba.lu\\\/fr\\\/contact\\\/#breadcrumb\"},\"inLanguage\":\"fr-FR\",\"potentialAction\":[{\"@type\":\"ReadAction\",\"target\":[\"https:\\\/\\\/cba.lu\\\/fr\\\/contact\\\/\"]}]},{\"@type\":\"BreadcrumbList\",\"@id\":\"https:\\\/\\\/cba.lu\\\/fr\\\/contact\\\/#breadcrumb\",\"itemListElement\":[{\"@type\":\"ListItem\",\"position\":1,\"name\":\"Startseite\",\"item\":\"https:\\\/\\\/cba.lu\\\/fr\\\/\"},{\"@type\":\"ListItem\",\"position\":2,\"name\":\"Contact\"}]},{\"@type\":\"WebSite\",\"@id\":\"https:\\\/\\\/cba.lu\\\/#website\",\"url\":\"https:\\\/\\\/cba.lu\\\/\",\"name\":\"CBA Architects s.a.\",\"description\":\"CBA Architects s.a.\",\"potentialAction\":[{\"@type\":\"SearchAction\",\"target\":{\"@type\":\"EntryPoint\",\"urlTemplate\":\"https:\\\/\\\/cba.lu\\\/?s={search_term_string}\"},\"query-input\":{\"@type\":\"PropertyValueSpecification\",\"valueRequired\":true,\"valueName\":\"search_term_string\"}}],\"inLanguage\":\"fr-FR\"}]}<\/script>\n<!-- \/ Yoast SEO plugin. -->","yoast_head_json":{"title":"Contact | CBA Architects s.a.","robots":{"index":"index","follow":"follow","max-snippet":"max-snippet:-1","max-image-preview":"max-image-preview:large","max-video-preview":"max-video-preview:-1"},"canonical":"https:\/\/cba.lu\/fr\/contact\/","og_locale":"fr_FR","og_type":"article","og_title":"Contact | CBA Architects s.a.","og_description":"CBA Architects s.a. 107, rue de Hollerich 1741 Luxembourg ITINERAIRE T\u00e9l +352.33 03 671 Fax +352.33 26 23 Mail cba@cba.lu Portfolios Competitionline Ordre des Architectes et des Ing\u00e9nieurs-Conseils BauNetz World Architects R\u00e9seaux sociaux Facebook Pinterest","og_url":"https:\/\/cba.lu\/fr\/contact\/","og_site_name":"CBA Architects s.a.","article_publisher":"https:\/\/www.facebook.com\/christianbauerassocies\/","article_modified_time":"2025-01-29T09:56:02+00:00","twitter_card":"summary_large_image","twitter_misc":{"Dur\u00e9e de lecture estim\u00e9e":"1 minute"},"schema":{"@context":"https:\/\/schema.org","@graph":[{"@type":"WebPage","@id":"https:\/\/cba.lu\/fr\/contact\/","url":"https:\/\/cba.lu\/fr\/contact\/","name":"Contact | CBA Architects s.a.","isPartOf":{"@id":"https:\/\/cba.lu\/#website"},"datePublished":"2017-06-02T08:02:05+00:00","dateModified":"2025-01-29T09:56:02+00:00","breadcrumb":{"@id":"https:\/\/cba.lu\/fr\/contact\/#breadcrumb"},"inLanguage":"fr-FR","potentialAction":[{"@type":"ReadAction","target":["https:\/\/cba.lu\/fr\/contact\/"]}]},{"@type":"BreadcrumbList","@id":"https:\/\/cba.lu\/fr\/contact\/#breadcrumb","itemListElement":[{"@type":"ListItem","position":1,"name":"Startseite","item":"https:\/\/cba.lu\/fr\/"},{"@type":"ListItem","position":2,"name":"Contact"}]},{"@type":"WebSite","@id":"https:\/\/cba.lu\/#website","url":"https:\/\/cba.lu\/","name":"CBA Architects s.a.","description":"CBA Architects s.a.","potentialAction":[{"@type":"SearchAction","target":{"@type":"EntryPoint","urlTemplate":"https:\/\/cba.lu\/?s={search_term_string}"},"query-input":{"@type":"PropertyValueSpecification","valueRequired":true,"valueName":"search_term_string"}}],"inLanguage":"fr-FR"}]}},"_links":{"self":[{"href":"https:\/\/cba.lu\/fr\/wp-json\/wp\/v2\/pages\/437","targetHints":{"allow":["GET"]}}],"collection":[{"href":"https:\/\/cba.lu\/fr\/wp-json\/wp\/v2\/pages"}],"about":[{"href":"https:\/\/cba.lu\/fr\/wp-json\/wp\/v2\/types\/page"}],"author":[{"embeddable":true,"href":"https:\/\/cba.lu\/fr\/wp-json\/wp\/v2\/users\/1"}],"replies":[{"embeddable":true,"href":"https:\/\/cba.lu\/fr\/wp-json\/wp\/v2\/comments?post=437"}],"version-history":[{"count":15,"href":"https:\/\/cba.lu\/fr\/wp-json\/wp\/v2\/pages\/437\/revisions"}],"predecessor-version":[{"id":11187,"href":"https:\/\/cba.lu\/fr\/wp-json\/wp\/v2\/pages\/437\/revisions\/11187"}],"wp:attachment":[{"href":"https:\/\/cba.lu\/fr\/wp-json\/wp\/v2\/media?parent=437"}],"curies":[{"name":"wp","href":"https:\/\/api.w.org\/{rel}","templated":true}]}}